{"id":93,"date":"2021-03-21T14:28:38","date_gmt":"2021-03-21T14:28:38","guid":{"rendered":"https:\/\/latyana-evenements.fr\/?page_id=93"},"modified":"2026-01-16T12:04:01","modified_gmt":"2026-01-16T11:04:01","slug":"contact","status":"publish","type":"page","link":"https:\/\/latyana-evenements.fr\/index.php\/contact\/","title":{"rendered":"Contact"},"content":{"rendered":"\t\t<div data-elementor-type=\"wp-page\" data-elementor-id=\"93\" class=\"elementor elementor-93\">\n\t\t\t\t\t\t\t\t\t<section class=\"elementor-section elementor-top-section elementor-element elementor-element-90bb8fd elementor-section-boxed elementor-section-height-default elementor-section-height-default\" data-id=\"90bb8fd\" data-element_type=\"section\">\n\t\t\t\t\t\t<div class=\"elementor-container elementor-column-gap-default\">\n\t\t\t\t\t<div class=\"elementor-column elementor-col-100 elementor-top-column elementor-element elementor-element-8d3c9dd\" data-id=\"8d3c9dd\" data-element_type=\"column\">\n\t\t\t<div class=\"elementor-widget-wrap elementor-element-populated\">\n\t\t\t\t\t\t\t\t<div class=\"elementor-element elementor-element-39a2ebc elementor-widget elementor-widget-spacer\" data-id=\"39a2ebc\" data-element_type=\"widget\" data-widget_type=\"spacer.default\">\n\t\t\t\t<div class=\"elementor-widget-container\">\n\t\t\t\t\t<div class=\"elementor-spacer\">\n\t\t\t<div class=\"elementor-spacer-inner\"><\/div>\n\t\t<\/div>\n\t\t\t\t<\/div>\n\t\t\t\t<\/div>\n\t\t\t\t\t<\/div>\n\t\t<\/div>\n\t\t\t\t\t\t\t<\/div>\n\t\t<\/section>\n\t\t\t\t<section class=\"elementor-section elementor-top-section elementor-element elementor-element-ed1a4f5 elementor-section-boxed elementor-section-height-default elementor-section-height-default\" data-id=\"ed1a4f5\" data-element_type=\"section\">\n\t\t\t\t\t\t<div class=\"elementor-container elementor-column-gap-default\">\n\t\t\t\t\t<div class=\"elementor-column elementor-col-50 elementor-top-column elementor-element elementor-element-fe5b9a3\" data-id=\"fe5b9a3\" data-element_type=\"column\">\n\t\t\t<div class=\"elementor-widget-wrap elementor-element-populated\">\n\t\t\t\t\t\t\t\t<div class=\"elementor-element elementor-element-23a0137 elementor-widget elementor-widget-heading\" data-id=\"23a0137\" data-element_type=\"widget\" data-widget_type=\"heading.default\">\n\t\t\t\t<div class=\"elementor-widget-container\">\n\t\t\t<h2 class=\"elementor-heading-title elementor-size-default\">Rencontrons-nous !<\/h2>\t\t<\/div>\n\t\t\t\t<\/div>\n\t\t\t\t<div class=\"elementor-element elementor-element-a5e641e elementor-widget elementor-widget-text-editor\" data-id=\"a5e641e\" data-element_type=\"widget\" data-widget_type=\"text-editor.default\">\n\t\t\t\t<div class=\"elementor-widget-container\">\n\t\t\t\t\t\t\t<p>Pour me partager votre projet, poser une question, vous pouvez m&#8217;envoyer un message via le formulaire ci-contre.<\/p>\n<p>Vous pouvez \u00e9galement me contacter :<br>&nbsp;&#8211; par email : christina@latyana-evenements.fr<br>&nbsp;&#8211; par t\u00e9l\u00e9phone : 06 11 23 36 21<\/p>\n<p>Je reviendrai vers vous dans les plus brefs d\u00e9lais. <br><\/p>\n<p>Le premier rendez-vous est gratuit et sans engagement. Il peut avoir lieu soit chez vous, soit par visioconf\u00e9rence (Skype, Zoom, etc &#8230;).<br><\/p>\t\t\t\t\t\t<\/div>\n\t\t\t\t<\/div>\n\t\t\t\t<div class=\"elementor-element elementor-element-acef8f8 elementor-widget elementor-widget-image\" data-id=\"acef8f8\" data-element_type=\"widget\" data-widget_type=\"image.default\">\n\t\t\t\t<div class=\"elementor-widget-container\">\n\t\t\t\t\t\t\t\t\t\t\t\t\t\t\t<img loading=\"lazy\" decoding=\"async\" width=\"768\" height=\"512\" src=\"https:\/\/latyana-evenements.fr\/wp-content\/uploads\/2023\/04\/120722_twinheart-daphne-moriclet-mariage_matthieu-amandine-1264-768x512.jpg\" class=\"attachment-medium_large size-medium_large wp-image-468\" alt=\"Christina wedding planner, d\u00e9coratrice d&#039;\u00e9v\u00e9nements nantes angers\" srcset=\"https:\/\/latyana-evenements.fr\/wp-content\/uploads\/2023\/04\/120722_twinheart-daphne-moriclet-mariage_matthieu-amandine-1264-768x512.jpg 768w, https:\/\/latyana-evenements.fr\/wp-content\/uploads\/2023\/04\/120722_twinheart-daphne-moriclet-mariage_matthieu-amandine-1264-300x200.jpg 300w, https:\/\/latyana-evenements.fr\/wp-content\/uploads\/2023\/04\/120722_twinheart-daphne-moriclet-mariage_matthieu-amandine-1264-1024x683.jpg 1024w, https:\/\/latyana-evenements.fr\/wp-content\/uploads\/2023\/04\/120722_twinheart-daphne-moriclet-mariage_matthieu-amandine-1264-1536x1024.jpg 1536w, https:\/\/latyana-evenements.fr\/wp-content\/uploads\/2023\/04\/120722_twinheart-daphne-moriclet-mariage_matthieu-amandine-1264.jpg 1600w\" sizes=\"auto, (max-width: 768px) 100vw, 768px\" \/>\t\t\t\t\t\t\t\t\t\t\t\t\t\t\t<\/div>\n\t\t\t\t<\/div>\n\t\t\t\t<div class=\"elementor-element elementor-element-3ed5338 elementor-widget elementor-widget-text-editor\" data-id=\"3ed5338\" data-element_type=\"widget\" data-widget_type=\"text-editor.default\">\n\t\t\t\t<div class=\"elementor-widget-container\">\n\t\t\t\t\t\t\t<p style=\"text-align: center;\">Photo : Twinheart Photographie<\/p>\t\t\t\t\t\t<\/div>\n\t\t\t\t<\/div>\n\t\t\t\t\t<\/div>\n\t\t<\/div>\n\t\t\t\t<div class=\"elementor-column elementor-col-50 elementor-top-column elementor-element elementor-element-650810d\" data-id=\"650810d\" data-element_type=\"column\">\n\t\t\t<div class=\"elementor-widget-wrap elementor-element-populated\">\n\t\t\t\t\t\t\t\t<div class=\"elementor-element elementor-element-8712aa8 elementor-widget elementor-widget-text-editor\" data-id=\"8712aa8\" data-element_type=\"widget\" data-widget_type=\"text-editor.default\">\n\t\t\t\t<div class=\"elementor-widget-container\">\n\t\t\t\t\t\t\t\t\t\t\t\t\t<\/div>\n\t\t\t\t<\/div>\n\t\t\t\t<div class=\"elementor-element elementor-element-62fbe69 elementor-widget elementor-widget-shortcode\" data-id=\"62fbe69\" data-element_type=\"widget\" data-widget_type=\"shortcode.default\">\n\t\t\t\t<div class=\"elementor-widget-container\">\n\t\t\t\t\t<div class=\"elementor-shortcode\">\n<div class=\"wpcf7 no-js\" id=\"wpcf7-f198-o1\" lang=\"en-US\" dir=\"ltr\">\n<div class=\"screen-reader-response\"><p role=\"status\" aria-live=\"polite\" aria-atomic=\"true\"><\/p> <ul><\/ul><\/div>\n<form action=\"\/index.php\/wp-json\/wp\/v2\/pages\/93#wpcf7-f198-o1\" method=\"post\" class=\"wpcf7-form init\" aria-label=\"Contact form\" novalidate=\"novalidate\" data-status=\"init\">\n<div style=\"display: none;\">\n<input type=\"hidden\" name=\"_wpcf7\" value=\"198\" \/>\n<input type=\"hidden\" name=\"_wpcf7_version\" value=\"5.8.1\" \/>\n<input type=\"hidden\" name=\"_wpcf7_locale\" value=\"en_US\" \/>\n<input type=\"hidden\" name=\"_wpcf7_unit_tag\" value=\"wpcf7-f198-o1\" \/>\n<input type=\"hidden\" name=\"_wpcf7_container_post\" value=\"0\" \/>\n<input type=\"hidden\" name=\"_wpcf7_posted_data_hash\" value=\"\" \/>\n<\/div>\n<p><label> Votre Pr\u00e9nom<br \/>\n<span class=\"wpcf7-form-control-wrap\" data-name=\"votre-prenom\"><input size=\"40\" class=\"wpcf7-form-control wpcf7-text wpcf7-validates-as-required\" aria-required=\"true\" aria-invalid=\"false\" placeholder=\"Pr\u00e9nom\" value=\"\" type=\"text\" name=\"votre-prenom\" \/><\/span> <\/label>\n<\/p>\n<p><label> Votre nom<br \/>\n<span class=\"wpcf7-form-control-wrap\" data-name=\"votre-nom\"><input size=\"40\" class=\"wpcf7-form-control wpcf7-text wpcf7-validates-as-required\" aria-required=\"true\" aria-invalid=\"false\" placeholder=\"Nom\" value=\"\" type=\"text\" name=\"votre-nom\" \/><\/span> <\/label>\n<\/p>\n<p><label> Email<br \/>\n<span class=\"wpcf7-form-control-wrap\" data-name=\"email\"><input size=\"40\" class=\"wpcf7-form-control wpcf7-email wpcf7-validates-as-required wpcf7-text wpcf7-validates-as-email\" aria-required=\"true\" aria-invalid=\"false\" placeholder=\"Votre email\" value=\"\" type=\"email\" name=\"email\" \/><\/span> <\/label>\n<\/p>\n<p><label> T\u00e9l\u00e9phone<br \/>\n<span class=\"wpcf7-form-control-wrap\" data-name=\"Telephone\"><input size=\"40\" class=\"wpcf7-form-control wpcf7-tel wpcf7-text wpcf7-validates-as-tel\" aria-invalid=\"false\" placeholder=\"Votre t\u00e9l\u00e9phone\" value=\"\" type=\"tel\" name=\"Telephone\" \/><\/span> <\/label>\n<\/p>\n<p>Quel \u00e9v\u00e9nement souhaitez-vous organiser ? <span class=\"wpcf7-form-control-wrap\" data-name=\"checkbox-744\"><span class=\"wpcf7-form-control wpcf7-checkbox wpcf7-validates-as-required\"><span class=\"wpcf7-list-item first\"><label><input type=\"checkbox\" name=\"checkbox-744[]\" value=\"Mariage\" \/><span class=\"wpcf7-list-item-label\">Mariage<\/span><\/label><\/span><span class=\"wpcf7-list-item\"><label><input type=\"checkbox\" name=\"checkbox-744[]\" value=\"Ev\u00e9nement priv\u00e9\" \/><span class=\"wpcf7-list-item-label\">Ev\u00e9nement priv\u00e9<\/span><\/label><\/span><span class=\"wpcf7-list-item\"><label><input type=\"checkbox\" name=\"checkbox-744[]\" value=\"Ev\u00e9nement professionnel\" \/><span class=\"wpcf7-list-item-label\">Ev\u00e9nement professionnel<\/span><\/label><\/span><span class=\"wpcf7-list-item\"><label><input type=\"checkbox\" name=\"checkbox-744[]\" value=\"D\u00e9coration saisonni\u00e8re\" \/><span class=\"wpcf7-list-item-label\">D\u00e9coration saisonni\u00e8re<\/span><\/label><\/span><span class=\"wpcf7-list-item\"><label><input type=\"checkbox\" name=\"checkbox-744[]\" value=\"Location de lettres ou chiffres g\u00e9ants\" \/><span class=\"wpcf7-list-item-label\">Location de lettres ou chiffres g\u00e9ants<\/span><\/label><\/span><span class=\"wpcf7-list-item last\"><label><input type=\"checkbox\" name=\"checkbox-744[]\" value=\"Location de mat\u00e9riel de d\u00e9coration\" \/><span class=\"wpcf7-list-item-label\">Location de mat\u00e9riel de d\u00e9coration<\/span><\/label><\/span><\/span><\/span>\n<\/p>\n<p><label> Date de votre \u00e9v\u00e9nement<br \/>\n<span class=\"wpcf7-form-control-wrap\" data-name=\"date-event\"><input class=\"wpcf7-form-control wpcf7-date wpcf7-validates-as-required wpcf7-validates-as-date\" aria-required=\"true\" aria-invalid=\"false\" placeholder=\"jj\/mm\/aaaa\" value=\"\" type=\"date\" name=\"date-event\" \/><\/span> <\/label>\n<\/p>\n<p><label> Lieu de votre \u00e9v\u00e9nement<br \/>\n<span class=\"wpcf7-form-control-wrap\" data-name=\"lieuevenement\"><input size=\"40\" class=\"wpcf7-form-control wpcf7-text\" aria-invalid=\"false\" placeholder=\"Lieu de votre \u00e9v\u00e9nement\" value=\"\" type=\"text\" name=\"lieuevenement\" \/><\/span> <\/label>\n<\/p>\n<p><label> Nombre d'invit\u00e9s<br \/>\n<span class=\"wpcf7-form-control-wrap\" data-name=\"Nombredinvites\"><input class=\"wpcf7-form-control wpcf7-number wpcf7-validates-as-number\" aria-invalid=\"false\" placeholder=\"Nombre d&#039;invit\u00e9s\" value=\"\" type=\"number\" name=\"Nombredinvites\" \/><\/span> <\/label>\n<\/p>\n<p><label> Budget de votre \u00e9v\u00e9nement<br \/>\n<span class=\"wpcf7-form-control-wrap\" data-name=\"budget\"><input size=\"40\" class=\"wpcf7-form-control wpcf7-text\" aria-invalid=\"false\" placeholder=\"Quel budget souhaitez-vous consacrer \u00e0 votre \u00e9v\u00e9nement ?\" value=\"\" type=\"text\" name=\"budget\" \/><\/span> <\/label>\n<\/p>\n<p><label> Description de votre projet<br \/>\n<span class=\"wpcf7-form-control-wrap\" data-name=\"description\"><textarea cols=\"40\" rows=\"10\" class=\"wpcf7-form-control wpcf7-textarea wpcf7-validates-as-required\" aria-required=\"true\" aria-invalid=\"false\" placeholder=\"Racontez-moi votre r\u00eave, votre projet ...\" name=\"description\"><\/textarea><\/span> <\/label>\n<\/p>\n<p><input class=\"wpcf7-form-control wpcf7-submit has-spinner\" type=\"submit\" value=\"Envoyer\" \/>\n<\/p><div class=\"wpcf7-response-output\" aria-hidden=\"true\"><\/div>\n<\/form>\n<\/div>\n<\/div>\n\t\t\t\t<\/div>\n\t\t\t\t<\/div>\n\t\t\t\t\t<\/div>\n\t\t<\/div>\n\t\t\t\t\t\t\t<\/div>\n\t\t<\/section>\n\t\t\t\t<section class=\"elementor-section elementor-top-section elementor-element elementor-element-a4334e3 elementor-section-boxed elementor-section-height-default elementor-section-height-default\" data-id=\"a4334e3\" data-element_type=\"section\">\n\t\t\t\t\t\t<div class=\"elementor-container elementor-column-gap-default\">\n\t\t\t\t\t<div class=\"elementor-column elementor-col-100 elementor-top-column elementor-element elementor-element-a2c4074\" data-id=\"a2c4074\" data-element_type=\"column\">\n\t\t\t<div class=\"elementor-widget-wrap elementor-element-populated\">\n\t\t\t\t\t\t\t\t<div class=\"elementor-element elementor-element-ea16a58 elementor-widget-divider--view-line elementor-widget elementor-widget-divider\" data-id=\"ea16a58\" data-element_type=\"widget\" data-widget_type=\"divider.default\">\n\t\t\t\t<div class=\"elementor-widget-container\">\n\t\t\t\t\t<div class=\"elementor-divider\">\n\t\t\t<span class=\"elementor-divider-separator\">\n\t\t\t\t\t\t<\/span>\n\t\t<\/div>\n\t\t\t\t<\/div>\n\t\t\t\t<\/div>\n\t\t\t\t\t<\/div>\n\t\t<\/div>\n\t\t\t\t\t\t\t<\/div>\n\t\t<\/section>\n\t\t\t\t<section class=\"elementor-section elementor-top-section elementor-element elementor-element-ab288a4 elementor-section-boxed elementor-section-height-default elementor-section-height-default\" data-id=\"ab288a4\" data-element_type=\"section\">\n\t\t\t\t\t\t<div class=\"elementor-container elementor-column-gap-default\">\n\t\t\t\t\t<div class=\"elementor-column elementor-col-33 elementor-top-column elementor-element elementor-element-d64d37e\" data-id=\"d64d37e\" data-element_type=\"column\">\n\t\t\t<div class=\"elementor-widget-wrap elementor-element-populated\">\n\t\t\t\t\t\t\t\t<div class=\"elementor-element elementor-element-228c728 elementor-widget elementor-widget-image\" data-id=\"228c728\" data-element_type=\"widget\" data-widget_type=\"image.default\">\n\t\t\t\t<div class=\"elementor-widget-container\">\n\t\t\t\t\t\t\t\t\t\t\t\t\t\t\t\t<a href=\"https:\/\/www.assocem.org\/\">\n\t\t\t\t\t\t\t<img loading=\"lazy\" decoding=\"async\" width=\"150\" height=\"150\" src=\"https:\/\/latyana-evenements.fr\/wp-content\/uploads\/2026\/01\/LATYANA-EVENEMENTS-macaron-2026-150x150.jpg\" class=\"attachment-thumbnail size-thumbnail wp-image-660\" alt=\"Carr\u00e9 rose repr\u00e9sentant le macaron 2026 de l&#039;ASSOCEM, Association dont Latyana Ev\u00e9nements fait partie depuis 2019 en tant que wedding designer et wedding planner\" srcset=\"https:\/\/latyana-evenements.fr\/wp-content\/uploads\/2026\/01\/elementor\/thumbs\/LATYANA-EVENEMENTS-macaron-2026-rhqj70h78a3uy9g67nzljri1f7tcr57expsq4lyc7w.jpg 150w, https:\/\/latyana-evenements.fr\/wp-content\/uploads\/2026\/01\/LATYANA-EVENEMENTS-macaron-2026-300x300.jpg 300w, https:\/\/latyana-evenements.fr\/wp-content\/uploads\/2026\/01\/LATYANA-EVENEMENTS-macaron-2026.jpg 500w\" sizes=\"auto, (max-width: 150px) 100vw, 150px\" \/>\t\t\t\t\t\t\t\t<\/a>\n\t\t\t\t\t\t\t\t\t\t\t\t\t\t\t<\/div>\n\t\t\t\t<\/div>\n\t\t\t\t\t<\/div>\n\t\t<\/div>\n\t\t\t\t<div class=\"elementor-column elementor-col-33 elementor-top-column elementor-element elementor-element-6e6c251\" data-id=\"6e6c251\" data-element_type=\"column\">\n\t\t\t<div class=\"elementor-widget-wrap elementor-element-populated\">\n\t\t\t\t\t\t\t\t<div class=\"elementor-element elementor-element-0b32147 elementor-widget elementor-widget-shortcode\" data-id=\"0b32147\" data-element_type=\"widget\" data-widget_type=\"shortcode.default\">\n\t\t\t\t<div class=\"elementor-widget-container\">\n\t\t\t\t\t<div class=\"elementor-shortcode\"><a href='https:\/\/www.mariages.net' title='Mariages.net'><img alt='Mariages.net' src='https:\/\/www.mariages.net\/images\/sellos\/label-partenaire--gg156906.png' style='border-width:0px;' \/><\/a><\/div>\n\t\t\t\t<\/div>\n\t\t\t\t<\/div>\n\t\t\t\t\t<\/div>\n\t\t<\/div>\n\t\t\t\t<div class=\"elementor-column elementor-col-33 elementor-top-column elementor-element elementor-element-5179a36\" data-id=\"5179a36\" data-element_type=\"column\">\n\t\t\t<div class=\"elementor-widget-wrap elementor-element-populated\">\n\t\t\t\t\t\t\t\t<div class=\"elementor-element elementor-element-b724973 elementor-widget elementor-widget-shortcode\" data-id=\"b724973\" data-element_type=\"widget\" data-widget_type=\"shortcode.default\">\n\t\t\t\t<div class=\"elementor-widget-container\">\n\t\t\t\t\t<div class=\"elementor-shortcode\"><a href=\"https:\/\/www.zankyou.fr\/f\/latyana-evenements-603345\"><img decoding=\"async\" width=\"100\" alt=\"Recommand\u00e9 par Zankyou\" src=\"https:\/\/asset1.zankyou.com\/img\/sections\/badgets\/zk_recommend\/circle\/badge_green_fr.png\" \/><\/a><\/div>\n\t\t\t\t<\/div>\n\t\t\t\t<\/div>\n\t\t\t\t\t<\/div>\n\t\t<\/div>\n\t\t\t\t\t\t\t<\/div>\n\t\t<\/section>\n\t\t\t\t<section class=\"elementor-section elementor-top-section elementor-element elementor-element-8ca3757 elementor-section-boxed elementor-section-height-default elementor-section-height-default\" data-id=\"8ca3757\" data-element_type=\"section\">\n\t\t\t\t\t\t<div class=\"elementor-container elementor-column-gap-default\">\n\t\t\t\t\t<div class=\"elementor-column elementor-col-100 elementor-top-column elementor-element elementor-element-9869e20\" data-id=\"9869e20\" data-element_type=\"column\">\n\t\t\t<div class=\"elementor-widget-wrap elementor-element-populated\">\n\t\t\t\t\t\t\t\t<div class=\"elementor-element elementor-element-bb967ec elementor-widget-divider--view-line elementor-widget elementor-widget-divider\" data-id=\"bb967ec\" data-element_type=\"widget\" data-widget_type=\"divider.default\">\n\t\t\t\t<div class=\"elementor-widget-container\">\n\t\t\t\t\t<div class=\"elementor-divider\">\n\t\t\t<span class=\"elementor-divider-separator\">\n\t\t\t\t\t\t<\/span>\n\t\t<\/div>\n\t\t\t\t<\/div>\n\t\t\t\t<\/div>\n\t\t\t\t\t<\/div>\n\t\t<\/div>\n\t\t\t\t\t\t\t<\/div>\n\t\t<\/section>\n\t\t\t\t\t\t\t<\/div>\n\t\t","protected":false},"excerpt":{"rendered":"<p>Rencontrons-nous ! Pour me partager votre projet, poser une question, vous pouvez m&#8217;envoyer un message via le formulaire ci-contre. Vous pouvez \u00e9galement me contacter :&nbsp;&#8211; par email : christina@latyana-evenements.fr&nbsp;&#8211; par t\u00e9l\u00e9phone : 06 11 23 36 21 Je reviendrai vers vous dans les plus brefs d\u00e9lais. Le premier rendez-vous est gratuit et sans engagement. Il &hellip;<\/p>\n<p class=\"read-more\"> <a class=\"\" href=\"https:\/\/latyana-evenements.fr\/index.php\/contact\/\"> <span class=\"screen-reader-text\">Contact<\/span> Read More &raquo;<\/a><\/p>\n","protected":false},"author":1,"featured_media":0,"parent":0,"menu_order":0,"comment_status":"closed","ping_status":"closed","template":"","meta":{"footnotes":""},"class_list":["post-93","page","type-page","status-publish","hentry"],"_links":{"self":[{"href":"https:\/\/latyana-evenements.fr\/index.php\/wp-json\/wp\/v2\/pages\/93","targetHints":{"allow":["GET"]}}],"collection":[{"href":"https:\/\/latyana-evenements.fr\/index.php\/wp-json\/wp\/v2\/pages"}],"about":[{"href":"https:\/\/latyana-evenements.fr\/index.php\/wp-json\/wp\/v2\/types\/page"}],"author":[{"embeddable":true,"href":"https:\/\/latyana-evenements.fr\/index.php\/wp-json\/wp\/v2\/users\/1"}],"replies":[{"embeddable":true,"href":"https:\/\/latyana-evenements.fr\/index.php\/wp-json\/wp\/v2\/comments?post=93"}],"version-history":[{"count":89,"href":"https:\/\/latyana-evenements.fr\/index.php\/wp-json\/wp\/v2\/pages\/93\/revisions"}],"predecessor-version":[{"id":672,"href":"https:\/\/latyana-evenements.fr\/index.php\/wp-json\/wp\/v2\/pages\/93\/revisions\/672"}],"wp:attachment":[{"href":"https:\/\/latyana-evenements.fr\/index.php\/wp-json\/wp\/v2\/media?parent=93"}],"curies":[{"name":"wp","href":"https:\/\/api.w.org\/{rel}","templated":true}]}}