{"id":107,"date":"2021-03-21T14:44:13","date_gmt":"2021-03-21T14:44:13","guid":{"rendered":"https:\/\/latyana-evenements.fr\/?page_id=107"},"modified":"2021-03-21T14:44:13","modified_gmt":"2021-03-21T14:44:13","slug":"mentions-legales","status":"publish","type":"page","link":"https:\/\/latyana-evenements.fr\/index.php\/mentions-legales\/","title":{"rendered":"Mentions L\u00e9gales"},"content":{"rendered":"\n<p>Le site Latyana Ev\u00e9nements est la propri\u00e9t\u00e9 de la soci\u00e9t\u00e9 EIRL Christina Fouch\u00e9<br>222 la Collini\u00e8re des Valets 44850 LIGN\u00c9.<br>contact@latyana-evenements.fr \u2013 06 11 23 36 21<br>RCS Nantes 832&nbsp;194&nbsp;211<\/p>\n\n\n\n<p>Directeur de la publication :<br>Christina Belluzzi<\/p>\n\n\n\n<p>H\u00e9bergeur :<br>SAS OVH \u2013 www.ovh.com<br>2 rue Kellermann<br>BP 80157<br>59100 Roubaix<\/p>\n","protected":false},"excerpt":{"rendered":"<p>Le site Latyana Ev\u00e9nements est la propri\u00e9t\u00e9 de la soci\u00e9t\u00e9 EIRL Christina Fouch\u00e9222 la Collini\u00e8re des Valets 44850 LIGN\u00c9.contact@latyana-evenements.fr \u2013 06 11 23 36 21RCS Nantes 832&nbsp;194&nbsp;211 Directeur de la publication :Christina Belluzzi H\u00e9bergeur :SAS OVH \u2013 www.ovh.com2 rue KellermannBP 8015759100 Roubaix<\/p>\n","protected":false},"author":1,"featured_media":0,"parent":0,"menu_order":0,"comment_status":"closed","ping_status":"closed","template":"elementor_header_footer","meta":{"footnotes":""},"class_list":["post-107","page","type-page","status-publish","hentry"],"_links":{"self":[{"href":"https:\/\/latyana-evenements.fr\/index.php\/wp-json\/wp\/v2\/pages\/107","targetHints":{"allow":["GET"]}}],"collection":[{"href":"https:\/\/latyana-evenements.fr\/index.php\/wp-json\/wp\/v2\/pages"}],"about":[{"href":"https:\/\/latyana-evenements.fr\/index.php\/wp-json\/wp\/v2\/types\/page"}],"author":[{"embeddable":true,"href":"https:\/\/latyana-evenements.fr\/index.php\/wp-json\/wp\/v2\/users\/1"}],"replies":[{"embeddable":true,"href":"https:\/\/latyana-evenements.fr\/index.php\/wp-json\/wp\/v2\/comments?post=107"}],"version-history":[{"count":1,"href":"https:\/\/latyana-evenements.fr\/index.php\/wp-json\/wp\/v2\/pages\/107\/revisions"}],"predecessor-version":[{"id":109,"href":"https:\/\/latyana-evenements.fr\/index.php\/wp-json\/wp\/v2\/pages\/107\/revisions\/109"}],"wp:attachment":[{"href":"https:\/\/latyana-evenements.fr\/index.php\/wp-json\/wp\/v2\/media?parent=107"}],"curies":[{"name":"wp","href":"https:\/\/api.w.org\/{rel}","templated":true}]}}